{"id":2,"date":"2021-01-24T00:10:52","date_gmt":"2021-01-23T23:10:52","guid":{"rendered":"http:\/\/pleszew-serwis.pl\/skm\/?page_id=2"},"modified":"2022-12-06T00:09:35","modified_gmt":"2022-12-05T23:09:35","slug":"przykladowa-strona","status":"publish","type":"page","link":"https:\/\/skmkruszywa.pl\/","title":{"rendered":"SIERADZKIE KRUSZYWA MINERALNE SP. Z.O.O."},"content":{"rendered":"\n<figure class=\"wp-block-image size-large\"><img decoding=\"async\" loading=\"lazy\" width=\"1920\" height=\"214\" src=\"https:\/\/skmkruszywa.pl\/wp-content\/uploads\/2022\/05\/ciag-feprreg-rrp-wl-ueefrr-01.jpg\" alt=\"\" class=\"wp-image-81\" srcset=\"https:\/\/skmkruszywa.pl\/wp-content\/uploads\/2022\/05\/ciag-feprreg-rrp-wl-ueefrr-01.jpg 1920w, https:\/\/skmkruszywa.pl\/wp-content\/uploads\/2022\/05\/ciag-feprreg-rrp-wl-ueefrr-01-300x33.jpg 300w, https:\/\/skmkruszywa.pl\/wp-content\/uploads\/2022\/05\/ciag-feprreg-rrp-wl-ueefrr-01-1024x114.jpg 1024w, https:\/\/skmkruszywa.pl\/wp-content\/uploads\/2022\/05\/ciag-feprreg-rrp-wl-ueefrr-01-768x86.jpg 768w, https:\/\/skmkruszywa.pl\/wp-content\/uploads\/2022\/05\/ciag-feprreg-rrp-wl-ueefrr-01-1536x171.jpg 1536w\" sizes=\"(max-width: 767px) 89vw, (max-width: 1000px) 54vw, (max-width: 1071px) 543px, 580px\" \/><\/figure>\n\n\n\n<h2 class=\"has-black-color has-text-color\"><strong>SIERADZKIE KRUSZYWA MINERALNE SP. Z.O.O. realizuje<\/strong><\/h2>\n\n\n\n<p>Projekt nr WND-RPLD.06.02.01-10-0028\/20 pn.: \u201eRozw\u00f3j gospodarki turystycznej poprzez budow\u0119 10 domk\u00f3w letniskowych wraz z zapleczem rekreacyjno-turystycznym w Ostrowie Warckim\u201d jest wsp\u00f3\u0142finansowany przez Uni\u0119 Europejsk\u0105 z Europejskiego Funduszu Rozwoju Regionalnego w ramach Regionalnego Programu Operacyjnego Wojew\u00f3dztwa \u0141\u00f3dzkiego na lata 2014-2020<\/p>\n\n\n\n<p><\/p>\n\n\n\n<p>Celem projektu pn.: \u201d<strong>Rozw\u00f3j gospodarki turystycznej poprzez budow\u0119 10 domk\u00f3w letniskowych wraz z zapleczem rekreacyjno-turystycznym w Ostrowie Warckim<\/strong>\u201d jest wykorzystanie i rozw\u00f3j potencja\u0142u endogenicznego regionu \u0142\u00f3dzkiego opartego na walorach przyrodniczo-kulturowych, szczeg\u00f3lnie w aspekcie tworzenia warunk\u00f3w sprzyjaj\u0105cych rozwojowi gospodarki turystycznej, w tym powstawania nowych miejsc pracy.<\/p>\n\n\n\n<p>Cel g\u0142\u00f3wny projektu jest zgodny z za\u0142o\u017ceniami Regionalnego Programu Operacyjnego Wojew\u00f3dztwa \u0141\u00f3dzkiego na lata 2014-2020, O\u015b Priorytetowa VI Rewitalizacja i potencja\u0142 endogeniczny regionu, Dzia\u0142anie VI.2 Rozw\u00f3j gospodarki turystycznej, Poddzia\u0142anie VI.2.1 Rozw\u00f3j gospodarki turystycznej.<\/p>\n\n\n\n<div class=\"is-layout-flex wp-block-buttons\">\n<div class=\"wp-block-button\"><a class=\"wp-block-button__link wp-element-button\" href=\"https:\/\/skmkruszywa.pl\/index.php\/rozwoj-gospodarki-turystycznej-poprzez-budowe-10-domkow-letniskowych-wraz-z-zapleczem-rekreacyjno-turystycznym-w-ostrowie-warckim\/\">Dowiedz si\u0119 wi\u0119cej o projekcie<\/a><\/div>\n<\/div>\n\n\n\n<div style=\"height:53px\" aria-hidden=\"true\" class=\"wp-block-spacer\"><\/div>\n\n\n\n<hr class=\"wp-block-separator has-alpha-channel-opacity\"\/>\n\n\n\n<p><\/p>\n\n\n\n<figure class=\"wp-block-image size-large\"><img decoding=\"async\" loading=\"lazy\" width=\"1920\" height=\"214\" src=\"https:\/\/skmkruszywa.pl\/wp-content\/uploads\/2022\/05\/ciag-feprreg-rrp-wl-ueefrr-01.jpg\" alt=\"\" class=\"wp-image-81\" srcset=\"https:\/\/skmkruszywa.pl\/wp-content\/uploads\/2022\/05\/ciag-feprreg-rrp-wl-ueefrr-01.jpg 1920w, https:\/\/skmkruszywa.pl\/wp-content\/uploads\/2022\/05\/ciag-feprreg-rrp-wl-ueefrr-01-300x33.jpg 300w, https:\/\/skmkruszywa.pl\/wp-content\/uploads\/2022\/05\/ciag-feprreg-rrp-wl-ueefrr-01-1024x114.jpg 1024w, https:\/\/skmkruszywa.pl\/wp-content\/uploads\/2022\/05\/ciag-feprreg-rrp-wl-ueefrr-01-768x86.jpg 768w, https:\/\/skmkruszywa.pl\/wp-content\/uploads\/2022\/05\/ciag-feprreg-rrp-wl-ueefrr-01-1536x171.jpg 1536w\" sizes=\"(max-width: 767px) 89vw, (max-width: 1000px) 54vw, (max-width: 1071px) 543px, 580px\" \/><\/figure>\n\n\n\n<p><strong>SIERADZKIE KRUSZYWA MINERALNE SP. Z.O.O.<\/strong> to firma wykonuj\u0105ca:<\/p>\n\n\n\n<ul>\n<li>Prace drogowe<\/li>\n\n\n\n<li>Prace ziemne<\/li>\n\n\n\n<li>Sprzeda\u017c kruszyw mineralnych<\/li>\n<\/ul>\n\n\n\n<hr class=\"wp-block-separator has-css-opacity\"\/>\n\n\n\n<p>II p\u00f3\u0142rocze 2021 poszerzenie o:<\/p>\n\n\n\n<ul>\n<li>Sprzeda\u017c betonu towarowego<\/li>\n\n\n\n<li>Stabilizacja drogowa<\/li>\n<\/ul>\n\n\n\n<hr class=\"wp-block-separator has-css-opacity\"\/>\n\n\n\n<p>Dofinansowanie:<\/p>\n\n\n\n<ul>\n<li>Mobilny w\u0119ze\u0142 betoniarski<\/li>\n\n\n\n<li>\u0141adowarka ko\u0142owa<\/li>\n\n\n\n<li>Beczka na podwoziu<\/li>\n<\/ul>\n\n\n\n<hr class=\"wp-block-separator has-css-opacity\"\/>\n\n\n\n<figure class=\"wp-block-image size-large\"><img decoding=\"async\" loading=\"lazy\" width=\"1024\" height=\"768\" src=\"https:\/\/skmkruszywa.pl\/wp-content\/uploads\/2021\/02\/P1070405-1024x768.jpg\" alt=\"\" class=\"wp-image-51\" srcset=\"https:\/\/skmkruszywa.pl\/wp-content\/uploads\/2021\/02\/P1070405-1024x768.jpg 1024w, https:\/\/skmkruszywa.pl\/wp-content\/uploads\/2021\/02\/P1070405-300x225.jpg 300w, https:\/\/skmkruszywa.pl\/wp-content\/uploads\/2021\/02\/P1070405-768x576.jpg 768w, https:\/\/skmkruszywa.pl\/wp-content\/uploads\/2021\/02\/P1070405-1536x1152.jpg 1536w, https:\/\/skmkruszywa.pl\/wp-content\/uploads\/2021\/02\/P1070405.jpg 1600w\" sizes=\"(max-width: 767px) 89vw, (max-width: 1000px) 54vw, (max-width: 1071px) 543px, 580px\" \/><\/figure>\n\n\n\n<figure class=\"wp-block-image size-large\"><img decoding=\"async\" loading=\"lazy\" width=\"1920\" height=\"214\" src=\"https:\/\/skmkruszywa.pl\/wp-content\/uploads\/2022\/05\/ciag-feprreg-rrp-wl-ueefrr-01.jpg\" alt=\"\" class=\"wp-image-81\" srcset=\"https:\/\/skmkruszywa.pl\/wp-content\/uploads\/2022\/05\/ciag-feprreg-rrp-wl-ueefrr-01.jpg 1920w, https:\/\/skmkruszywa.pl\/wp-content\/uploads\/2022\/05\/ciag-feprreg-rrp-wl-ueefrr-01-300x33.jpg 300w, https:\/\/skmkruszywa.pl\/wp-content\/uploads\/2022\/05\/ciag-feprreg-rrp-wl-ueefrr-01-1024x114.jpg 1024w, https:\/\/skmkruszywa.pl\/wp-content\/uploads\/2022\/05\/ciag-feprreg-rrp-wl-ueefrr-01-768x86.jpg 768w, https:\/\/skmkruszywa.pl\/wp-content\/uploads\/2022\/05\/ciag-feprreg-rrp-wl-ueefrr-01-1536x171.jpg 1536w\" sizes=\"(max-width: 767px) 89vw, (max-width: 1000px) 54vw, (max-width: 1071px) 543px, 580px\" \/><\/figure>\n\n\n\n<p id=\"ue\"><strong>SIERADZKIE KRUSZYWA MINERALNE SP. Z.O.O. realizuje projekt pn.<\/strong><\/p>\n\n\n\n<p>\u201eDywersyfikacja dzia\u0142alno\u015bci firmy SIERADZKIE KRUSZYWA MINERALNE SP. Z O.O. szans\u0105 na polepszenie sytuacji przedsi\u0119biorstwa dotkni\u0119tego negatywnymi skutkami wyst\u0105pienia COVID-19.\u201d<\/p>\n\n\n\n<p>Cele i planowane efekty projektu:<\/p>\n\n\n\n<p>Celem projektu jest dywersyfikacja oferty firmy Sieradzkie Kruszywa Mineralne Sp. z o.o. o nowy produkt w postaci betonu towarowego. Obecna dzia\u0142alno\u015b\u0107 firmy dotyczy realizacji us\u0142ug w zakresie budowy dr\u00f3g, autostrad, chodnik\u00f3w i us\u0142ug towarzysz\u0105cych. Dzi\u0119ki inwestycji nast\u0105pi rozszerzenie oferty przedsi\u0119biorstwa, co przyczyni si\u0119 do wzrostu pozycji konkurencyjnej, a tym samym wzrostu przychod\u00f3w.<\/p>\n\n\n\n<p>Warto\u015b\u0107 projektu: 1 446 480,00 PLN<br>Wk\u0142ad Funduszy Europejskich: 999 600,00 PLN<\/p>\n\n\n\n<p>Wi\u0119cej informacji na temat realizowanego projektu mo\u017cna uzyska\u0107 pod adresem e-mail\/telefonem:<\/p>\n\n\n\n<p>skm@interia.eu, 691 456&nbsp;782<\/p>\n\n\n\n<figure class=\"wp-block-image size-large\"><img decoding=\"async\" loading=\"lazy\" width=\"1024\" height=\"768\" src=\"https:\/\/skmkruszywa.pl\/wp-content\/uploads\/2021\/02\/P1070943-1024x768.jpg\" alt=\"\" class=\"wp-image-49\" srcset=\"https:\/\/skmkruszywa.pl\/wp-content\/uploads\/2021\/02\/P1070943-1024x768.jpg 1024w, https:\/\/skmkruszywa.pl\/wp-content\/uploads\/2021\/02\/P1070943-300x225.jpg 300w, https:\/\/skmkruszywa.pl\/wp-content\/uploads\/2021\/02\/P1070943-768x576.jpg 768w, https:\/\/skmkruszywa.pl\/wp-content\/uploads\/2021\/02\/P1070943-1536x1152.jpg 1536w, https:\/\/skmkruszywa.pl\/wp-content\/uploads\/2021\/02\/P1070943.jpg 1600w\" sizes=\"(max-width: 767px) 89vw, (max-width: 1000px) 54vw, (max-width: 1071px) 543px, 580px\" \/><\/figure>\n","protected":false},"excerpt":{"rendered":"<p>SIERADZKIE KRUSZYWA MINERALNE SP. Z.O.O. realizuje Projekt nr WND-RPLD.06.02.01-10-0028\/20 pn.: \u201eRozw\u00f3j gospodarki turystycznej poprzez budow\u0119 10 domk\u00f3w letniskowych wraz z zapleczem rekreacyjno-turystycznym w Ostrowie Warckim\u201d jest wsp\u00f3\u0142finansowany przez Uni\u0119 Europejsk\u0105 z Europejskiego Funduszu Rozwoju Regionalnego w ramach Regionalnego Programu Operacyjnego Wojew\u00f3dztwa \u0141\u00f3dzkiego na lata 2014-2020 Celem projektu pn.: \u201dRozw\u00f3j gospodarki turystycznej poprzez budow\u0119 10 domk\u00f3w &hellip; <\/p>\n<p class=\"link-more\"><a href=\"https:\/\/skmkruszywa.pl\/\" class=\"more-link\">Czytaj dalej<span class=\"screen-reader-text\"> \u201eSIERADZKIE KRUSZYWA MINERALNE SP. Z.O.O.\u201d<\/span><\/a><\/p>\n","protected":false},"author":1,"featured_media":0,"parent":0,"menu_order":0,"comment_status":"closed","ping_status":"closed","template":"","meta":[],"_links":{"self":[{"href":"https:\/\/skmkruszywa.pl\/index.php\/wp-json\/wp\/v2\/pages\/2"}],"collection":[{"href":"https:\/\/skmkruszywa.pl\/index.php\/wp-json\/wp\/v2\/pages"}],"about":[{"href":"https:\/\/skmkruszywa.pl\/index.php\/wp-json\/wp\/v2\/types\/page"}],"author":[{"embeddable":true,"href":"https:\/\/skmkruszywa.pl\/index.php\/wp-json\/wp\/v2\/users\/1"}],"replies":[{"embeddable":true,"href":"https:\/\/skmkruszywa.pl\/index.php\/wp-json\/wp\/v2\/comments?post=2"}],"version-history":[{"count":43,"href":"https:\/\/skmkruszywa.pl\/index.php\/wp-json\/wp\/v2\/pages\/2\/revisions"}],"predecessor-version":[{"id":231,"href":"https:\/\/skmkruszywa.pl\/index.php\/wp-json\/wp\/v2\/pages\/2\/revisions\/231"}],"wp:attachment":[{"href":"https:\/\/skmkruszywa.pl\/index.php\/wp-json\/wp\/v2\/media?parent=2"}],"curies":[{"name":"wp","href":"https:\/\/api.w.org\/{rel}","templated":true}]}}